{"id":214,"date":"2019-08-21T03:47:21","date_gmt":"2019-08-21T03:47:21","guid":{"rendered":"http:\/\/importmedisa.com\/?page_id=214"},"modified":"2019-08-21T06:23:50","modified_gmt":"2019-08-21T06:23:50","slug":"privacidad","status":"publish","type":"page","link":"https:\/\/importmedisa.com\/index.php\/privacidad\/","title":{"rendered":"Privacidad"},"content":{"rendered":"\t\t<div data-elementor-type=\"wp-post\" data-elementor-id=\"214\" class=\"elementor elementor-214\">\n\t\t\t\t\t\t<section class=\"elementor-section elementor-top-section elementor-element elementor-element-d0f03f9 elementor-section-boxed elementor-section-height-default elementor-section-height-default\" data-id=\"d0f03f9\" data-element_type=\"section\" data-e-type=\"section\">\n\t\t\t\t\t\t<div class=\"elementor-container elementor-column-gap-default\">\n\t\t\t\t\t<div class=\"elementor-column elementor-col-100 elementor-top-column elementor-element elementor-element-3795780\" data-id=\"3795780\" data-element_type=\"column\" data-e-type=\"column\">\n\t\t\t<div class=\"elementor-widget-wrap elementor-element-populated\">\n\t\t\t\t\t\t<div class=\"elementor-element elementor-element-62c7c05 elementor-widget elementor-widget-heading\" data-id=\"62c7c05\" data-element_type=\"widget\" data-e-type=\"widget\" data-widget_type=\"heading.default\">\n\t\t\t\t<div class=\"elementor-widget-container\">\n\t\t\t\t\t<h2 class=\"elementor-heading-title elementor-size-default\">Privacidad y Seguridad<\/h2>\t\t\t\t<\/div>\n\t\t\t\t<\/div>\n\t\t\t\t<div class=\"elementor-element elementor-element-4383714 elementor-widget elementor-widget-text-editor\" data-id=\"4383714\" data-element_type=\"widget\" data-e-type=\"widget\" data-widget_type=\"text-editor.default\">\n\t\t\t\t<div class=\"elementor-widget-container\">\n\t\t\t\t\t\t\t\t\t<h2><strong><span style=\"color: #000000;\">Privacidad y Seguridad \u2013 Informaci\u00f3n general<\/span><\/strong><\/h2><p><span style=\"font-weight: 400; color: #000000;\">Privacidad y Seguridad \u2013 IMPORT MEDISA SAC (en adelante \u201cIMPORT MEDISA SAC\u201d) es una empresa dedicada a brindar servicios publicitarios.<\/span><\/p><p><span style=\"color: #000000;\"><span style=\"font-weight: 400;\">Como parte de su actividad, usa y trata datos personales en cumplimiento con lo dispuesto en la Ley 29733 \u2013 Ley de Protecci\u00f3n de Datos Personales, su Reglamento, aprobado por <\/span><a style=\"color: #000000;\" href=\"https:\/\/www.derecho.usmp.edu.pe\/cedetec\/normas\/Ley_proteccion_datos_personales_Ley_29733.pdf\"><span style=\"font-weight: 400;\">Decreto Supremo 003-2013-JUS<\/span><\/a><span style=\"font-weight: 400;\">, y las normas complementarias y modificatorias de las anteriores (todas \u00e9stas en adelante definidas como la \u201cNormativa de Protecci\u00f3n de Datos Personales\u201d).<\/span><\/span><\/p><p><span style=\"font-weight: 400; color: #000000;\">Los datos personales cuyo tratamiento realiza IMPORT MEDISA SAC son almacenados en bancos de datos personales de titularidad de IMPORT MEDISA SAC.<\/span><\/p><h2><span style=\"color: #000000;\">Privacidad y Seguridad \u2013 Objetivo<\/span><\/h2><p><span style=\"font-weight: 400; color: #000000;\">La presente Pol\u00edtica hace de conocimiento del p\u00fablico los lineamientos bajo los cuales IMPORT MEDISA SAC realiza el tratamiento de datos personales, la finalidad para la que lo hace, as\u00ed como los procedimientos para que los titulares de los mismos puedan ejercer los derechos de acceso, rectificaci\u00f3n, cancelaci\u00f3n y oposici\u00f3n previstos en la Normativa de Protecci\u00f3n de Datos Personales.<\/span><\/p><h2><span style=\"color: #000000;\">Principales rectores<\/span><\/h2><p><span style=\"font-weight: 400; color: #000000;\">IMPORT MEDISA SAC se compromete a respetar los principios rectores establecidos en la Normativa de Protecci\u00f3n de Datos Personales. Estos son: el principio de legalidad, el principio de consentimiento, el principio de finalidad, el principio de proporcionalidad, el principio de calidad, el principio de seguridad, el principio de disposici\u00f3n de recurso y el principio de nivel de protecci\u00f3n adecuado.<\/span><\/p><h2><span style=\"color: #000000;\">Privacidad y Seguridad \u2013 Alcance<\/span><\/h2><p><span style=\"font-weight: 400; color: #000000;\">La presente Pol\u00edtica se aplica a toda actividad de almacenamiento y tratamiento de datos personales por parte de IMPORT MEDISA SAC. Ser\u00e1 tambi\u00e9n de aplicaci\u00f3n para aquellas personas o empresas a las que IMPORT MEDISA SAC requiera el tratamiento de datos personales de los cuales sea responsable.<\/span><\/p><h2><span style=\"color: #000000;\">Finalidad del tratamiento de los datos personales<\/span><\/h2><p><span style=\"font-weight: 400; color: #000000;\">IMPORT MEDISA SAC realiza el tratamiento de datos personales, entre otros, para los siguientes fines:<\/span><\/p><p><span style=\"font-weight: 400; color: #000000;\">Preparar y entregar al titular del dato personal publicidad de sus productos y\/o servicios, ofertas masivas o personalizadas de productos y\/o servicios de IMPORT MEDISA SAC, de manera individual o conjunta con otros productos o servicios de las empresas o marcas vinculadas.<\/span><\/p><p><span style=\"font-weight: 400; color: #000000;\">Evaluar la capacidad de endeudamiento, comportamiento de pago y de consumo, patrimonio, gustos y preferencias de consumo del titular de los datos personales. Generar modelos predictivos y alimentarlos con los datos personales. Utilizar los resultados y\/o transferirlos a IMPORT MEDISA SAC.<\/span><\/p><p><span style=\"font-weight: 400; color: #000000;\">Dar cumplimiento a las obligaciones contractuales y\/o normativas adquiridas frente a sus clientes, trabajadores, proveedores y\/o contratistas.<\/span><\/p><p><span style=\"font-weight: 400; color: #000000;\">Realizar encuestas sobre productos y\/o servicios propios, de IMPORT MEDISA SAC<\/span><\/p><p><span style=\"font-weight: 400; color: #000000;\">Atender las solicitudes relacionadas al ofrecimiento de productos o servicios propios de IMPORT MEDISA SAC.<\/span><\/p><p><span style=\"font-weight: 400; color: #000000;\">Env\u00edo de invitaciones a actividades convocadas por IMPORT MEDISA SAC.<\/span><\/p><p><span style=\"font-weight: 400; color: #000000;\">Actualizar y consultar datos de contacto y otra informaci\u00f3n relevante.<\/span><\/p><p><span style=\"font-weight: 400; color: #000000;\">Garantizar el cumplimiento de los protocolos de seguridad de la informaci\u00f3n.<\/span><\/p><p><span style=\"font-weight: 400; color: #000000;\">Dar cumplimiento a las pol\u00edticas, procedimientos y protocolos de contrataci\u00f3n y gesti\u00f3n de trabajadores, contratistas y\/o proveedores.<\/span><\/p><p><span style=\"font-weight: 400; color: #000000;\">Realizar actividades de reclutamiento y selecci\u00f3n de personal de manera directa o a trav\u00e9s de terceros.<\/span><\/p><p><span style=\"font-weight: 400; color: #000000;\">Elaborar estad\u00edsticas y\/o estudios de comportamiento, gustos y\/o tendencias.<\/span><\/p><p><span style=\"font-weight: 400; color: #000000;\">Las dem\u00e1s finalidades que se informen de manera previa y expresa a los titulares de datos personales previo a su tratamiento.<\/span><\/p><h2><span style=\"color: #000000;\">Privacidad y Seguridad \u2013 Transferencia de datos personales<\/span><\/h2><p><span style=\"font-weight: 400; color: #000000;\">IMPORT MEDISA SAC podr\u00e1 transferir local e internacionalmente datos personales a sus filiales para cualquiera de las finalidades indicadas en el punto V de la presente Pol\u00edtica.<\/span><\/p><p><span style=\"font-weight: 400; color: #000000;\">As\u00ed tambi\u00e9n, IMPORT MEDISA SAC podr\u00e1 transferir datos personales a entidades p\u00fablicas legalmente facultadas dentro del \u00e1mbito de sus competencias en cumplimiento de normativa vigente o futura o por requerimiento de \u00e9stas.<\/span><\/p><p><span style=\"font-weight: 400; color: #000000;\">Autorizaci\u00f3n para la obtenci\u00f3n de datos personales y consulta de fuentes p\u00fablicas y\/o autorizadas. El titular de los datos personales autoriza a IMPORT MEDISA SAC a tratar sus datos personales obtenidos de fuentes p\u00fablicas, gratuitas o no, o de fuentes no p\u00fablicas, siempre que dichas fuentes cuenten con su autorizaci\u00f3n para tratar y transferir dichos datos personales. Los datos personales recabados podr\u00e1n ser tratados y transferidos cumpliendo los fines enumerados en la presente Pol\u00edtica, as\u00ed como al amparo de los principios de legalidad, proporcionalidad y finalidad recogidos en la normativa de protecci\u00f3n de datos personales.<\/span><\/p><h2><span style=\"color: #000000;\">Privacidad y Seguridad \u2013 Derechos de los titulares<\/span><\/h2><p><span style=\"font-weight: 400; color: #000000;\">De acuerdo con la Ley, los titulares de datos personales tienen los siguientes derechos: derecho de acceso e informaci\u00f3n, derecho de rectificaci\u00f3n, actualizaci\u00f3n e inclusi\u00f3n, derecho de cancelaci\u00f3n o supresi\u00f3n y derecho de oposici\u00f3n.<\/span><\/p><h2><span style=\"color: #000000;\">Privacidad y Seguridad \u2013 Derecho de Acceso e informaci\u00f3n:<\/span><\/h2><p><span style=\"font-weight: 400; color: #000000;\">El titular de datos personales tiene derecho a obtener la informaci\u00f3n que sobre s\u00ed mismo sea objeto de tratamiento por parte de IMPORT MEDISA SAC.<\/span><\/p><p><span style=\"font-weight: 400; color: #000000;\">El due\u00f1o y\/o Titular de datos personales tiene derecho a la actualizaci\u00f3n, inclusi\u00f3n y rectificaci\u00f3n de sus datos personales materia de tratamiento por parte de IMPORT MEDISA SAC cuando estos sean parcial o totalmente inexactos, incompletos o cuando se hubiere advertido omisi\u00f3n, error o falsedad.<\/span><\/p><h2><span style=\"color: #000000;\">Privacidad y Seguridad \u2013 Derecho de rectificaci\u00f3n, actualizaci\u00f3n e inclusi\u00f3n:<\/span><\/h2><p><span style=\"font-weight: 400; color: #000000;\">Tiene derecho el Titular a la actualizaci\u00f3n, inclusi\u00f3n y rectificaci\u00f3n de sus datos personales materia de tratamiento por parte de IMPORT MEDISA SAC cuando estos sean parcial o totalmente inexactos, incompletos o cuando se hubiere advertido omisi\u00f3n, error o falsedad.<\/span><\/p><h2><span style=\"color: #000000;\">Privacidad y Seguridad \u2013 Derecho de Cancelaci\u00f3n o Supresi\u00f3n:<\/span><\/h2><p><span style=\"font-weight: 400; color: #000000;\">Podr\u00e1 solicitar el Titular la cancelaci\u00f3n o supresi\u00f3n de sus datos personales no relacionados o necesarios para la ejecuci\u00f3n de las obligaciones de cargo de IMPORT MEDISA SAC previstas en los contratos suscritos o las dispuestas por la normativa vigente.<\/span><\/p><h2><span style=\"color: #000000;\">Privacidad y Seguridad \u2013 Derecho de Oposici\u00f3n:<\/span><\/h2><p><span style=\"font-weight: 400; color: #000000;\">El Titular de datos personales puede oponerse al tratamiento de sus datos personales en cualquier momento. La oposici\u00f3n proceder\u00e1 en la medida que el tratamiento no tenga justificaci\u00f3n contractual o legal.<\/span><\/p><h2><span style=\"color: #000000;\">Procedimientos para el ejercicio de los derechos del titular de los datos personales<\/span><\/h2><p><span style=\"font-weight: 400; color: #000000;\">Los Titulares podr\u00e1n ejercer sus derechos de Ley y realizar los procedimientos establecidos en este documento, mediante la presentaci\u00f3n de su DNI u otro documento oficial de identidad y enviando su solicitud y\/o consultas a:Correo electr\u00f3nico: ventas@importmedisa.com<\/span><\/p><p><span style=\"font-weight: 400; color: #000000;\">En caso que el titular del dato personal requiera ejercer sus derechos mediante un representante, \u00e9ste deber\u00e1 presentar carta poder legalizada por notario p\u00fablico que lo faculte como tal y su documento de identidad.<\/span><\/p><h2><span style=\"color: #000000;\">Consentimiento\u00a0<\/span><\/h2><p><span style=\"font-weight: 400; color: #000000;\">Con la aceptaci\u00f3n de la presente Pol\u00edtica usted manifiesta su consentimiento y conformidad con todos los t\u00e9rminos en esta expuestos y nos autoriza a tratar sus datos personales para los fines aqu\u00ed expresados.<\/span><\/p><h2><span style=\"color: #000000;\">Vigencia<\/span><\/h2><p><span style=\"font-weight: 400; color: #000000;\">Los Datos Personales que sean almacenados, utilizados o transmitidos permanecer\u00e1n en las Bases de Datos de IMPORT MEDISA SAC durante el tiempo que sea necesario para cumplir los fines previstos en la presente Pol\u00edtica. En el caso de clientes y ex clientes, trabajadores, contratistas y proveedores, sus datos personales relacionados al cumplimiento o ejecuci\u00f3n de su relaci\u00f3n comercial ser\u00e1n mantenidos cuando menos por el plazo que disponga la normativa aplicable.<\/span><\/p><h2><span style=\"color: #000000; font-weight: normal;\">Modificaciones\u00a0<\/span><\/h2><p><span style=\"font-weight: 400; color: #000000;\">La presente Pol\u00edtica ha sido actualizada al 23 de Agosto del 2019 y podr\u00e1 ser modificada por IMPORT MEDISA SAC.<\/span><\/p><p><span style=\"font-weight: 400; color: #000000;\">De producirse cualquier cambio o modificaci\u00f3n de la presente Pol\u00edtica, el texto vigente de la misma ser\u00e1 publicado en nuestro portal web:(importmedisa.com)<\/span><\/p>\t\t\t\t\t\t\t\t<\/div>\n\t\t\t\t<\/div>\n\t\t\t\t\t<\/div>\n\t\t<\/div>\n\t\t\t\t\t<\/div>\n\t\t<\/section>\n\t\t\t\t<\/div>\n\t\t","protected":false},"excerpt":{"rendered":"<p>Privacidad y Seguridad Privacidad y Seguridad \u2013 Informaci\u00f3n general Privacidad y Seguridad \u2013 IMPORT MEDISA SAC (en adelante \u201cIMPORT MEDISA SAC\u201d) es una empresa dedicada a brindar servicios publicitarios. Como parte de su actividad, usa y trata datos personales en cumplimiento con lo dispuesto en la Ley 29733 \u2013 Ley de Protecci\u00f3n de Datos Personales,&hellip;&nbsp;<\/p>\n","protected":false},"author":1,"featured_media":0,"parent":0,"menu_order":0,"comment_status":"closed","ping_status":"closed","template":"page-templates\/template-pagebuilder-full-width.php","meta":{"neve_meta_sidebar":"","neve_meta_container":"","neve_meta_enable_content_width":"","neve_meta_content_width":70,"neve_meta_title_alignment":"","neve_meta_author_avatar":"","neve_post_elements_order":"","neve_meta_disable_header":"","neve_meta_disable_footer":"","neve_meta_disable_title":"","footnotes":""},"class_list":["post-214","page","type-page","status-publish","hentry"],"yoast_head":"<!-- This site is optimized with the Yoast SEO plugin v27.4 - https:\/\/yoast.com\/product\/yoast-seo-wordpress\/ -->\n<title>Privacidad - IMPORT MEDISA SAC<\/title>\n<meta name=\"robots\" content=\"index, follow, max-snippet:-1, max-image-preview:large, max-video-preview:-1\" \/>\n<link rel=\"canonical\" href=\"https:\/\/importmedisa.com\/index.php\/privacidad\/\" \/>\n<meta property=\"og:locale\" content=\"es_ES\" \/>\n<meta property=\"og:type\" content=\"article\" \/>\n<meta property=\"og:title\" content=\"Privacidad - IMPORT MEDISA SAC\" \/>\n<meta property=\"og:description\" content=\"Privacidad y Seguridad Privacidad y Seguridad \u2013 Informaci\u00f3n general Privacidad y Seguridad \u2013 IMPORT MEDISA SAC (en adelante \u201cIMPORT MEDISA SAC\u201d) es una empresa dedicada a brindar servicios publicitarios. Como parte de su actividad, usa y trata datos personales en cumplimiento con lo dispuesto en la Ley 29733 \u2013 Ley de Protecci\u00f3n de Datos Personales,&hellip;&nbsp;\" \/>\n<meta property=\"og:url\" content=\"https:\/\/importmedisa.com\/index.php\/privacidad\/\" \/>\n<meta property=\"og:site_name\" content=\"IMPORT MEDISA SAC\" \/>\n<meta property=\"article:modified_time\" content=\"2019-08-21T06:23:50+00:00\" \/>\n<meta name=\"twitter:card\" content=\"summary_large_image\" \/>\n<meta name=\"twitter:label1\" content=\"Est. reading time\" \/>\n\t<meta name=\"twitter:data1\" content=\"6 minutos\" \/>\n<script type=\"application\/ld+json\" class=\"yoast-schema-graph\">{\"@context\":\"https:\\\/\\\/schema.org\",\"@graph\":[{\"@type\":\"WebPage\",\"@id\":\"https:\\\/\\\/importmedisa.com\\\/index.php\\\/privacidad\\\/\",\"url\":\"https:\\\/\\\/importmedisa.com\\\/index.php\\\/privacidad\\\/\",\"name\":\"Privacidad - IMPORT MEDISA SAC\",\"isPartOf\":{\"@id\":\"https:\\\/\\\/importmedisa.com\\\/#website\"},\"datePublished\":\"2019-08-21T03:47:21+00:00\",\"dateModified\":\"2019-08-21T06:23:50+00:00\",\"breadcrumb\":{\"@id\":\"https:\\\/\\\/importmedisa.com\\\/index.php\\\/privacidad\\\/#breadcrumb\"},\"inLanguage\":\"es-PE\",\"potentialAction\":[{\"@type\":\"ReadAction\",\"target\":[\"https:\\\/\\\/importmedisa.com\\\/index.php\\\/privacidad\\\/\"]}]},{\"@type\":\"BreadcrumbList\",\"@id\":\"https:\\\/\\\/importmedisa.com\\\/index.php\\\/privacidad\\\/#breadcrumb\",\"itemListElement\":[{\"@type\":\"ListItem\",\"position\":1,\"name\":\"Portada\",\"item\":\"https:\\\/\\\/importmedisa.com\\\/\"},{\"@type\":\"ListItem\",\"position\":2,\"name\":\"Privacidad\"}]},{\"@type\":\"WebSite\",\"@id\":\"https:\\\/\\\/importmedisa.com\\\/#website\",\"url\":\"https:\\\/\\\/importmedisa.com\\\/\",\"name\":\"IMPORT MEDISA SAC\",\"description\":\"IMPORT MEDISA SAC\",\"publisher\":{\"@id\":\"https:\\\/\\\/importmedisa.com\\\/#organization\"},\"potentialAction\":[{\"@type\":\"SearchAction\",\"target\":{\"@type\":\"EntryPoint\",\"urlTemplate\":\"https:\\\/\\\/importmedisa.com\\\/?s={search_term_string}\"},\"query-input\":{\"@type\":\"PropertyValueSpecification\",\"valueRequired\":true,\"valueName\":\"search_term_string\"}}],\"inLanguage\":\"es-PE\"},{\"@type\":\"Organization\",\"@id\":\"https:\\\/\\\/importmedisa.com\\\/#organization\",\"name\":\"Import Medisa SAC\",\"url\":\"https:\\\/\\\/importmedisa.com\\\/\",\"logo\":{\"@type\":\"ImageObject\",\"inLanguage\":\"es-PE\",\"@id\":\"https:\\\/\\\/importmedisa.com\\\/#\\\/schema\\\/logo\\\/image\\\/\",\"url\":\"\",\"contentUrl\":\"\",\"caption\":\"Import Medisa SAC\"},\"image\":{\"@id\":\"https:\\\/\\\/importmedisa.com\\\/#\\\/schema\\\/logo\\\/image\\\/\"}}]}<\/script>\n<!-- \/ Yoast SEO plugin. -->","yoast_head_json":{"title":"Privacidad - IMPORT MEDISA SAC","robots":{"index":"index","follow":"follow","max-snippet":"max-snippet:-1","max-image-preview":"max-image-preview:large","max-video-preview":"max-video-preview:-1"},"canonical":"https:\/\/importmedisa.com\/index.php\/privacidad\/","og_locale":"es_ES","og_type":"article","og_title":"Privacidad - IMPORT MEDISA SAC","og_description":"Privacidad y Seguridad Privacidad y Seguridad \u2013 Informaci\u00f3n general Privacidad y Seguridad \u2013 IMPORT MEDISA SAC (en adelante \u201cIMPORT MEDISA SAC\u201d) es una empresa dedicada a brindar servicios publicitarios. Como parte de su actividad, usa y trata datos personales en cumplimiento con lo dispuesto en la Ley 29733 \u2013 Ley de Protecci\u00f3n de Datos Personales,&hellip;&nbsp;","og_url":"https:\/\/importmedisa.com\/index.php\/privacidad\/","og_site_name":"IMPORT MEDISA SAC","article_modified_time":"2019-08-21T06:23:50+00:00","twitter_card":"summary_large_image","twitter_misc":{"Est. reading time":"6 minutos"},"schema":{"@context":"https:\/\/schema.org","@graph":[{"@type":"WebPage","@id":"https:\/\/importmedisa.com\/index.php\/privacidad\/","url":"https:\/\/importmedisa.com\/index.php\/privacidad\/","name":"Privacidad - IMPORT MEDISA SAC","isPartOf":{"@id":"https:\/\/importmedisa.com\/#website"},"datePublished":"2019-08-21T03:47:21+00:00","dateModified":"2019-08-21T06:23:50+00:00","breadcrumb":{"@id":"https:\/\/importmedisa.com\/index.php\/privacidad\/#breadcrumb"},"inLanguage":"es-PE","potentialAction":[{"@type":"ReadAction","target":["https:\/\/importmedisa.com\/index.php\/privacidad\/"]}]},{"@type":"BreadcrumbList","@id":"https:\/\/importmedisa.com\/index.php\/privacidad\/#breadcrumb","itemListElement":[{"@type":"ListItem","position":1,"name":"Portada","item":"https:\/\/importmedisa.com\/"},{"@type":"ListItem","position":2,"name":"Privacidad"}]},{"@type":"WebSite","@id":"https:\/\/importmedisa.com\/#website","url":"https:\/\/importmedisa.com\/","name":"IMPORT MEDISA SAC","description":"IMPORT MEDISA SAC","publisher":{"@id":"https:\/\/importmedisa.com\/#organization"},"potentialAction":[{"@type":"SearchAction","target":{"@type":"EntryPoint","urlTemplate":"https:\/\/importmedisa.com\/?s={search_term_string}"},"query-input":{"@type":"PropertyValueSpecification","valueRequired":true,"valueName":"search_term_string"}}],"inLanguage":"es-PE"},{"@type":"Organization","@id":"https:\/\/importmedisa.com\/#organization","name":"Import Medisa SAC","url":"https:\/\/importmedisa.com\/","logo":{"@type":"ImageObject","inLanguage":"es-PE","@id":"https:\/\/importmedisa.com\/#\/schema\/logo\/image\/","url":"","contentUrl":"","caption":"Import Medisa SAC"},"image":{"@id":"https:\/\/importmedisa.com\/#\/schema\/logo\/image\/"}}]}},"_links":{"self":[{"href":"https:\/\/importmedisa.com\/index.php\/wp-json\/wp\/v2\/pages\/214","targetHints":{"allow":["GET"]}}],"collection":[{"href":"https:\/\/importmedisa.com\/index.php\/wp-json\/wp\/v2\/pages"}],"about":[{"href":"https:\/\/importmedisa.com\/index.php\/wp-json\/wp\/v2\/types\/page"}],"author":[{"embeddable":true,"href":"https:\/\/importmedisa.com\/index.php\/wp-json\/wp\/v2\/users\/1"}],"replies":[{"embeddable":true,"href":"https:\/\/importmedisa.com\/index.php\/wp-json\/wp\/v2\/comments?post=214"}],"version-history":[{"count":3,"href":"https:\/\/importmedisa.com\/index.php\/wp-json\/wp\/v2\/pages\/214\/revisions"}],"predecessor-version":[{"id":276,"href":"https:\/\/importmedisa.com\/index.php\/wp-json\/wp\/v2\/pages\/214\/revisions\/276"}],"wp:attachment":[{"href":"https:\/\/importmedisa.com\/index.php\/wp-json\/wp\/v2\/media?parent=214"}],"curies":[{"name":"wp","href":"https:\/\/api.w.org\/{rel}","templated":true}]}}